{"id":3875,"date":"2019-06-10T17:36:32","date_gmt":"2019-06-10T17:36:32","guid":{"rendered":"http:\/\/peruminalati.com\/noticias\/?page_id=3875"},"modified":"2019-09-09T21:31:02","modified_gmt":"2019-09-09T21:31:02","slug":"diseno-de-tuneles","status":"publish","type":"page","link":"https:\/\/www.peruminalati.com\/noticias\/diseno-de-tuneles\/","title":{"rendered":"Dise\u00f1o de tuneles"},"content":{"rendered":"<h2>CURSO PRESENCIAL<\/h2>\n<h1>\nDISE\u00d1O DE T\u00daNELES Y OBRAS SUBTERR\u00c1NEA<\/h1>\n<p>\t\tLo sentimos, nuestra venta ha terminado, nos vemos la pr\u00f3xima vez.\t\t<\/p>\n<h2>OBJETIVO <\/h2>\n<h6>El alumno identificar\u00e1 las tensiones y esfuerzos que se presentan en las estructuras y solucionar problemas de dimensionamiento y\/o verificaci\u00f3n de las mismas, utilizando adecuadamente las tablas y realizando los gr\u00e1ficos correspondientes. Dise\u00f1ar\u00e1 los tipos de t\u00faneles, ya sea por el m\u00e9todo de minado continuo y mediante perforaci\u00f3n y voladura ya sea para uso civil o para uso de la industria minera subterr\u00e1nea.<\/h6>\n<p>\t\t\t\t\t\t\t\t\t\t<img loading=\"lazy\" decoding=\"async\" width=\"1024\" height=\"576\" src=\"http:\/\/peruminalati.com\/noticias\/wp-content\/uploads\/2019\/06\/2I4A0268-1024x576.jpg\" alt=\"\" srcset=\"http:\/\/peruminalati.com\/noticias\/wp-content\/uploads\/2019\/06\/2I4A0268-1024x576.jpg 1024w, http:\/\/peruminalati.com\/noticias\/wp-content\/uploads\/2019\/06\/2I4A0268-300x169.jpg 300w, http:\/\/peruminalati.com\/noticias\/wp-content\/uploads\/2019\/06\/2I4A0268-768x432.jpg 768w\" sizes=\"auto, (max-width: 1024px) 100vw, 1024px\" \/><br \/>\n\t\t\t<a href=\"https:\/\/www.youtube.com\/watch?v=TwVt_uKo1U4\"><br \/>\n\t\t\t<\/a><\/p>\n<h2>TEMARIO<\/h2>\n<ol>\n<li style=\"text-align: left;\">\n<h6><strong>1 . Consideraciones Generales Previas a la Construcci\u00f3n de un T\u00fanel.<\/strong><\/h6>\n<\/li>\n<li>\n<h6><strong>2. Excavaci\u00f3n Subterr\u00e1nea<\/strong><\/h6>\n<\/li>\n<li>\n<h6><strong>3.\u00a0 Macizo Rocoso<\/strong><\/h6>\n<\/li>\n<li style=\"text-align: left;\">\n<h6><strong>4. Clasificaci\u00f3n Geomec\u00e1nica de Macizos Rocosos<\/strong><\/h6>\n<\/li>\n<li style=\"text-align: left;\">\n<h6><strong>5. Elementos de un T\u00fanel<\/strong><\/h6>\n<\/li>\n<li style=\"text-align: left;\">\n<h6><strong>6. M\u00e9todos Constructivos<\/strong><\/h6>\n<\/li>\n<li style=\"text-align: left;\">\n<h6><strong>7. Perforaci\u00f3n y Voladura<\/strong><\/h6>\n<\/li>\n<li style=\"text-align: left;\">\n<h6><strong>8. Excavaciones Sin Voladura<\/strong><\/h6>\n<\/li>\n<li style=\"text-align: left;\">\n<h6><strong>9. Soportes en Excavaciones Subterr\u00e1neas<\/strong><\/h6>\n<\/li>\n<li style=\"text-align: left;\">\n<h6><strong>10. Soportes Adecuados y Especiales<\/strong><\/h6>\n<\/li>\n<li style=\"text-align: left;\">\n<h6><strong>11. Auscultaci\u00f3n<\/strong><\/h6>\n<\/li>\n<li style=\"text-align: left;\">\n<h6><strong>12. Sistemas de Seguridad de T\u00faneles<\/strong><\/h6>\n<\/li>\n<li style=\"text-align: left;\">\n<h6><strong>13. Sotwares Utilizados en la Construcci\u00f3n de T\u00faneles y Obras Subterr\u00e1neas<\/strong><\/h6>\n<\/li>\n<li style=\"text-align: left;\">\n<h6><strong>14. Casos Reales de Construcci\u00f3n de T\u00faneles y Obras Subterr\u00e1neas<\/strong><\/h6>\n<\/li>\n<li style=\"text-align: left;\">\n<h6><strong>15. Construcci\u00f3n Real del T\u00fanel Vial Tupiza \u2013 Villaz\u00f3n, Potos\u00ed, BOLIVIA<\/strong><\/h6>\n<\/li>\n<li style=\"text-align: left;\">\n<h6><strong>16. Dise\u00f1o Final T\u00fanel Vial Aguar ag\u00fce Campo Pajoso \u2013 Tarija, BOLIVIA<\/strong><\/h6>\n<\/li>\n<li style=\"text-align: left;\">\n<h6><strong>17. Dise\u00f1o T\u00fanel Hidroel\u00e9ctrico Misicuni \u2013 Cochabamba, BOLIVIA<\/strong><\/h6>\n<\/li>\n<li style=\"text-align: left;\">\n<h6><strong>18. Rampa de Profundizaci\u00f3n Mina Huanuni \u2013 Oruro, BOLIVIA<\/strong><\/h6>\n<\/li>\n<li style=\"text-align: left;\">\n<h6><strong>19. Rampa de Profundizaci\u00f3n Mina Bolivar &#8211; Oruro, BOLIVIA<\/strong><\/h6>\n<\/li>\n<li style=\"text-align: left;\">\n<h6><strong>20. Rampa de Profundizaci\u00f3n Mina San Vicente \u2013 Potos\u00ed, BOLIVIA<\/strong><\/h6>\n<\/li>\n<li style=\"text-align: left;\">\n<h6><strong>21. Rampa de Profundizaci\u00f3n Mina Colquiri \u2013 La Paz, BOLIVIA<\/strong><\/h6>\n<\/li>\n<li style=\"text-align: left;\">\n<h6><strong>22. Chimeneas con Equipo Alimak en la Mina Porco \u2013 Potos\u00ed, BOLIVIA<\/strong><\/h6>\n<\/li>\n<li style=\"text-align: left;\">\n<h6><strong>23. Chimeneas con Equipo Alimak en la Mina San Vicente \u2013 Potos\u00ed, BOLIVIA<\/strong><\/h6>\n<\/li>\n<\/ol>\n<h2>25,26 Y 27<br \/>\n<\/h2>\n<h2>DE OCTUBRE<\/h2>\n<p>\t\t\t\t\t\t\t\t\t\t<img loading=\"lazy\" decoding=\"async\" width=\"5184\" height=\"3456\" src=\"http:\/\/peruminalati.com\/noticias\/wp-content\/uploads\/2019\/06\/3.jpg\" alt=\"\" srcset=\"http:\/\/peruminalati.com\/noticias\/wp-content\/uploads\/2019\/06\/3.jpg 5184w, http:\/\/peruminalati.com\/noticias\/wp-content\/uploads\/2019\/06\/3-300x200.jpg 300w, http:\/\/peruminalati.com\/noticias\/wp-content\/uploads\/2019\/06\/3-768x512.jpg 768w, http:\/\/peruminalati.com\/noticias\/wp-content\/uploads\/2019\/06\/3-1024x683.jpg 1024w\" sizes=\"auto, (max-width: 5184px) 100vw, 5184px\" \/>\t\t\t\t\t\t\t\t\t\t\t<\/p>\n<h2>UBICACI\u00d3N <\/h2>\n<h2>NM Lima Hotel<\/h2>\n<h2>NM Lima Hotel<br \/>\nAv. Pardo y Aliaga 330<br \/>\n<\/h2>\n<h2>San Isidro <\/h2>\n<p>\t\t\t\t\t\t\t\t\t\t<img loading=\"lazy\" decoding=\"async\" width=\"1024\" height=\"768\" src=\"http:\/\/peruminalati.com\/noticias\/wp-content\/uploads\/2019\/06\/2-1024x768.jpg\" alt=\"\" srcset=\"http:\/\/peruminalati.com\/noticias\/wp-content\/uploads\/2019\/06\/2-1024x768.jpg 1024w, http:\/\/peruminalati.com\/noticias\/wp-content\/uploads\/2019\/06\/2-300x225.jpg 300w, http:\/\/peruminalati.com\/noticias\/wp-content\/uploads\/2019\/06\/2-768x576.jpg 768w\" sizes=\"auto, (max-width: 1024px) 100vw, 1024px\" \/><br \/>\n\t\t\t\t\t\t\t\t\t\t<img loading=\"lazy\" decoding=\"async\" width=\"1024\" height=\"683\" src=\"http:\/\/peruminalati.com\/noticias\/wp-content\/uploads\/2019\/06\/5-1024x683.jpg\" alt=\"\" srcset=\"http:\/\/peruminalati.com\/noticias\/wp-content\/uploads\/2019\/06\/5-1024x683.jpg 1024w, http:\/\/peruminalati.com\/noticias\/wp-content\/uploads\/2019\/06\/5-300x200.jpg 300w, http:\/\/peruminalati.com\/noticias\/wp-content\/uploads\/2019\/06\/5-768x512.jpg 768w\" sizes=\"auto, (max-width: 1024px) 100vw, 1024px\" \/><br \/>\n\t\t\t<a href=\"https:\/\/www.youtube.com\/watch?v=TwVt_uKo1U4\"><br \/>\n\t\t\t<\/a><\/p>\n<h2>PRECIO<\/h2>\n<h3>COSTO DE ENTRADA<\/h3>\n<h2>PREVENTA<\/h2>\n<h2>USD 600<\/h2>\n<h2>PROFESIONAL <\/h2>\n<h2>USD 700<\/h2>\n<h2>CORPORATIVA<\/h2>\n<h2>USD 500+I.G.V<\/h2>\n<ul>\n<li >\n\t\t\t\t\t<a href=\"https:\/\/www.facebook.com\/MiningAlatisac\/?ref=settings\"><br \/>\n\t\t\t\t\t\t\t\t\t\t\t<\/a>\n\t\t\t\t\t\t\t\t\t<\/li>\n<li >\n\t\t\t\t\t<a href=\"https:\/\/www.instagram.com\/mining_alati_\"><br \/>\n\t\t\t\t\t\t\t\t\t\t\t<\/a>\n\t\t\t\t\t\t\t\t\t<\/li>\n<li >\n\t\t\t\t\t\t\t\t\t<\/li>\n<\/ul>\n<h2>informes@miningalati.com <\/h2>\n<h2>Central Telef\u00f3nica: +511 647-6428 \/ Rpm: +51 948 199 067 \/ Rpc: +51 974 742 246<\/h2>\n<p>\t\t\t<a href=\"https:\/\/www.visanetlink.pe\/pagoseguro\/PERUMINALATI\/55556\" role=\"button\"><br \/>\n\t\t\t\t\t\tPRE VENTA USD 600<br \/>\n\t\t\t\t\t<\/a><\/p>\n","protected":false},"excerpt":{"rendered":"<p>CURSO PRESENCIAL DISE\u00d1O DE T\u00daNELES Y OBRAS SUBTERR\u00c1NEA Lo sentimos, nuestra venta ha terminado, nos vemos la pr\u00f3xima vez. OBJETIVO El alumno identificar\u00e1 las tensiones y esfuerzos que se presentan en las estructuras y solucionar problemas de dimensionamiento y\/o verificaci\u00f3n de las mismas, utilizando adecuadamente las tablas y realizando los gr\u00e1ficos correspondientes. Dise\u00f1ar\u00e1 los tipos <span class=\"ellipsis\">&hellip;<\/span> <span class=\"more-link-wrap\"><a href=\"https:\/\/www.peruminalati.com\/noticias\/diseno-de-tuneles\/\" class=\"more-link\"><span>Read More &rarr;<\/span><\/a><\/span><\/p>\n","protected":false},"author":1,"featured_media":0,"parent":0,"menu_order":0,"comment_status":"closed","ping_status":"closed","template":"","meta":{"footnotes":""},"class_list":["post-3875","page","type-page","status-publish","hentry"],"_links":{"self":[{"href":"https:\/\/www.peruminalati.com\/noticias\/wp-json\/wp\/v2\/pages\/3875","targetHints":{"allow":["GET"]}}],"collection":[{"href":"https:\/\/www.peruminalati.com\/noticias\/wp-json\/wp\/v2\/pages"}],"about":[{"href":"https:\/\/www.peruminalati.com\/noticias\/wp-json\/wp\/v2\/types\/page"}],"author":[{"embeddable":true,"href":"https:\/\/www.peruminalati.com\/noticias\/wp-json\/wp\/v2\/users\/1"}],"replies":[{"embeddable":true,"href":"https:\/\/www.peruminalati.com\/noticias\/wp-json\/wp\/v2\/comments?post=3875"}],"version-history":[{"count":51,"href":"https:\/\/www.peruminalati.com\/noticias\/wp-json\/wp\/v2\/pages\/3875\/revisions"}],"predecessor-version":[{"id":4393,"href":"https:\/\/www.peruminalati.com\/noticias\/wp-json\/wp\/v2\/pages\/3875\/revisions\/4393"}],"wp:attachment":[{"href":"https:\/\/www.peruminalati.com\/noticias\/wp-json\/wp\/v2\/media?parent=3875"}],"curies":[{"name":"wp","href":"https:\/\/api.w.org\/{rel}","templated":true}]}}