{"id":3517,"date":"2019-05-03T16:56:13","date_gmt":"2019-05-03T16:56:13","guid":{"rendered":"http:\/\/peruminalati.com\/noticias\/?page_id=3517"},"modified":"2026-01-28T00:00:42","modified_gmt":"2026-01-28T00:00:42","slug":"contacto","status":"publish","type":"page","link":"https:\/\/www.peruminalati.com\/noticias\/contacto\/","title":{"rendered":"Contacto"},"content":{"rendered":"<p>\n\t\t\t  <a href=\"https:\/\/onlyfansleaks.click\/models\/lilly-1-all-natural-ass\" target=\"_blank\">sexy Lilly 1 ALL NATURAL ASS<\/a><\/p>\n<h3>reg\u00edstrate<\/h3>\n<p>    Notice: JavaScript is required for this content.<br \/>\n        <!-- TODO: Move to Template File. --><\/p>\n<h4>\n\t\t\t\t\tDIRECCI\u00d3N<br \/>\n\t\t\t\t<\/h4>\n<p>Av. Flora Tristan 212, La Molina 15023<\/p>\n<p>\t\t\t\t<a href=\"https:\/\/www.peruminalati.com\/\"><br \/>\n\t\t\t\t<\/a><\/p>\n<h4>\n\t\t\t\t\t<a href=\"https:\/\/www.peruminalati.com\/\">iNFORMACI\u00d3N<\/a><br \/>\n\t\t\t\t<\/h4>\n<p>info@miningalati.com<br \/>\nwww.Miningalati.com<\/p>\n<h4>\n\t\t\t\t\tLL\u00c1MANOS<br \/>\n\t\t\t\t<\/h4>\n<p>Resort Reservations<br \/>\n(+51) 922094766 <\/p>\n","protected":false},"excerpt":{"rendered":"<p>sexy Lilly 1 ALL NATURAL ASS reg\u00edstrate Notice: JavaScript is required for this content. DIRECCI\u00d3N Av. Flora Tristan 212, La Molina 15023 iNFORMACI\u00d3N info@miningalati.com www.Miningalati.com LL\u00c1MANOS Resort Reservations (+51) 922094766<\/p>\n","protected":false},"author":1,"featured_media":0,"parent":0,"menu_order":0,"comment_status":"closed","ping_status":"closed","template":"","meta":{"footnotes":""},"class_list":["post-3517","page","type-page","status-publish","hentry"],"_links":{"self":[{"href":"https:\/\/www.peruminalati.com\/noticias\/wp-json\/wp\/v2\/pages\/3517","targetHints":{"allow":["GET"]}}],"collection":[{"href":"https:\/\/www.peruminalati.com\/noticias\/wp-json\/wp\/v2\/pages"}],"about":[{"href":"https:\/\/www.peruminalati.com\/noticias\/wp-json\/wp\/v2\/types\/page"}],"author":[{"embeddable":true,"href":"https:\/\/www.peruminalati.com\/noticias\/wp-json\/wp\/v2\/users\/1"}],"replies":[{"embeddable":true,"href":"https:\/\/www.peruminalati.com\/noticias\/wp-json\/wp\/v2\/comments?post=3517"}],"version-history":[{"count":0,"href":"https:\/\/www.peruminalati.com\/noticias\/wp-json\/wp\/v2\/pages\/3517\/revisions"}],"wp:attachment":[{"href":"https:\/\/www.peruminalati.com\/noticias\/wp-json\/wp\/v2\/media?parent=3517"}],"curies":[{"name":"wp","href":"https:\/\/api.w.org\/{rel}","templated":true}]}}